{"id":10,"date":"2026-02-16T11:30:42","date_gmt":"2026-02-16T11:30:42","guid":{"rendered":"http:\/\/accueil-1"},"modified":"2026-02-16T11:46:08","modified_gmt":"2026-02-16T11:46:08","slug":"accueil","status":"publish","type":"page","link":"https:\/\/auvergne-artisan.com\/","title":{"rendered":"Accueil"},"content":{"rendered":"\n<h1 class=\"wp-block-heading\">Bienvenue chez Auvergne Artisans<\/h1>\n\n\n\n\n\n<p>Sp\u00e9cialiste en courtage en travaux. Nous vous accompagnons de l&#8217;\u00e9tude \u00e0 la r\u00e9alisation de votre projet.<\/p>\n\n\n<!-- wp:heading level -->\n        <h2>Nos services<\/h2>\n        <!-- \/wp:post-content -->\n\n        <!-- wp:list -->\n        <ul>\n            <li>Analyse de votre projet<\/li>\n            <li>S\u00e9lection d\u2019artisans qualifi\u00e9s<\/li>\n            <li>Suivi et coordination<\/li>\n        <\/ul>\n        <!-- \/wp:list -->","protected":false},"excerpt":{"rendered":"<p>Bienvenue chez Auvergne Artisans Sp\u00e9cialiste en courtage en travaux. Nous vous accompagnons de l&#8217;\u00e9tude \u00e0 la r\u00e9alisation de votre projet. Nos services Analyse de votre projet S\u00e9lection d\u2019artisans qualifi\u00e9s Suivi et coordination<\/p>\n","protected":false},"author":2,"featured_media":0,"parent":0,"menu_order":1,"comment_status":"closed","ping_status":"closed","template":"","meta":{"footnotes":""},"class_list":["post-10","page","type-page","status-publish","hentry"],"_links":{"self":[{"href":"https:\/\/auvergne-artisan.com\/index.php\/wp-json\/wp\/v2\/pages\/10","targetHints":{"allow":["GET"]}}],"collection":[{"href":"https:\/\/auvergne-artisan.com\/index.php\/wp-json\/wp\/v2\/pages"}],"about":[{"href":"https:\/\/auvergne-artisan.com\/index.php\/wp-json\/wp\/v2\/types\/page"}],"author":[{"embeddable":true,"href":"https:\/\/auvergne-artisan.com\/index.php\/wp-json\/wp\/v2\/users\/2"}],"replies":[{"embeddable":true,"href":"https:\/\/auvergne-artisan.com\/index.php\/wp-json\/wp\/v2\/comments?post=10"}],"version-history":[{"count":2,"href":"https:\/\/auvergne-artisan.com\/index.php\/wp-json\/wp\/v2\/pages\/10\/revisions"}],"predecessor-version":[{"id":20,"href":"https:\/\/auvergne-artisan.com\/index.php\/wp-json\/wp\/v2\/pages\/10\/revisions\/20"}],"wp:attachment":[{"href":"https:\/\/auvergne-artisan.com\/index.php\/wp-json\/wp\/v2\/media?parent=10"}],"curies":[{"name":"wp","href":"https:\/\/api.w.org\/{rel}","templated":true}]}}