{"id":11,"date":"2026-02-16T11:30:42","date_gmt":"2026-02-16T11:30:42","guid":{"rendered":"http:\/\/portfolio-1"},"modified":"2026-02-16T11:36:28","modified_gmt":"2026-02-16T11:36:28","slug":"portfolio","status":"publish","type":"page","link":"https:\/\/auvergne-artisan.com\/index.php\/portfolio\/","title":{"rendered":"Portfolio"},"content":{"rendered":"\n        \n        <h1 class=\"wp-block-heading\">Nos r\u00e9alisations<\/h1>\n        \n\n        \n        <p>D\u00e9couvrez quelques projets accompagn\u00e9s par notre \u00e9quipe.<\/p>\n        \n\n        \n        <div class=\"wp-block-columns is-layout-flex wp-container-core-columns-is-layout-28f84493 wp-block-columns-is-layout-flex\">\n            <div class=\"wp-block-column\"><p>Projet 1 &#8211; R\u00e9novation compl\u00e8te<\/p><\/div>\n            <div class=\"wp-block-column\"><p>Projet 2 &#8211; Extension maison<\/p><\/div>\n            <div class=\"wp-block-column\"><p>Projet 3 &#8211; Am\u00e9nagement int\u00e9rieur<\/p><\/div>\n        <\/div>\n        \n        ","protected":false},"excerpt":{"rendered":"<p>Nos r\u00e9alisations D\u00e9couvrez quelques projets accompagn\u00e9s par notre \u00e9quipe. Projet 1 &#8211; R\u00e9novation compl\u00e8te Projet 2 &#8211; Extension maison Projet 3 &#8211; Am\u00e9nagement int\u00e9rieur<\/p>\n","protected":false},"author":2,"featured_media":0,"parent":0,"menu_order":2,"comment_status":"closed","ping_status":"closed","template":"","meta":{"footnotes":""},"class_list":["post-11","page","type-page","status-publish","hentry"],"_links":{"self":[{"href":"https:\/\/auvergne-artisan.com\/index.php\/wp-json\/wp\/v2\/pages\/11","targetHints":{"allow":["GET"]}}],"collection":[{"href":"https:\/\/auvergne-artisan.com\/index.php\/wp-json\/wp\/v2\/pages"}],"about":[{"href":"https:\/\/auvergne-artisan.com\/index.php\/wp-json\/wp\/v2\/types\/page"}],"author":[{"embeddable":true,"href":"https:\/\/auvergne-artisan.com\/index.php\/wp-json\/wp\/v2\/users\/2"}],"replies":[{"embeddable":true,"href":"https:\/\/auvergne-artisan.com\/index.php\/wp-json\/wp\/v2\/comments?post=11"}],"version-history":[{"count":1,"href":"https:\/\/auvergne-artisan.com\/index.php\/wp-json\/wp\/v2\/pages\/11\/revisions"}],"predecessor-version":[{"id":17,"href":"https:\/\/auvergne-artisan.com\/index.php\/wp-json\/wp\/v2\/pages\/11\/revisions\/17"}],"wp:attachment":[{"href":"https:\/\/auvergne-artisan.com\/index.php\/wp-json\/wp\/v2\/media?parent=11"}],"curies":[{"name":"wp","href":"https:\/\/api.w.org\/{rel}","templated":true}]}}